{"id":8721,"date":"2020-05-18T21:35:13","date_gmt":"2020-05-18T19:35:13","guid":{"rendered":"http:\/\/www.pyrenejskypes.cz\/domains\/pyrenejskypes.cz\/?page_id=8721"},"modified":"2020-05-29T23:11:38","modified_gmt":"2020-05-29T21:11:38","slug":"alise-babylon-bohemia","status":"publish","type":"page","link":"https:\/\/www.pyrenejskypes.cz\/domains\/pyrenejskypes.cz\/nas-chov\/alise-babylon-bohemia\/","title":{"rendered":"Alise Babylon Bohemia  +2014"},"content":{"rendered":"\t\t<div data-elementor-type=\"wp-page\" data-elementor-id=\"8721\" class=\"elementor elementor-8721\" data-elementor-settings=\"[]\">\n\t\t\t<div class=\"elementor-inner\">\n\t\t\t\t<div class=\"elementor-section-wrap\">\n\t\t\t\t\t\t\t<section class=\"elementor-element elementor-element-bcd0d6b elementor-section-boxed elementor-section-height-default elementor-section-height-default elementor-section elementor-top-section\" data-id=\"bcd0d6b\" data-element_type=\"section\">\n\t\t\t\t\t\t<div class=\"elementor-container elementor-column-gap-default\">\n\t\t\t\t<div class=\"elementor-row\">\n\t\t\t\t<div class=\"elementor-element elementor-element-8a86053 elementor-column elementor-col-100 elementor-top-column\" data-id=\"8a86053\" data-element_type=\"column\">\n\t\t\t<div class=\"elementor-column-wrap  elementor-element-populated\">\n\t\t\t\t\t<div class=\"elementor-widget-wrap\">\n\t\t\t\t<div class=\"elementor-element elementor-element-ab96afb elementor-widget elementor-widget-text-editor\" data-id=\"ab96afb\" data-element_type=\"widget\" data-widget_type=\"text-editor.default\">\n\t\t\t\t<div class=\"elementor-widget-container\">\n\t\t\t\t\t<div class=\"elementor-text-editor elementor-clearfix\"><h4>S\u00a0l\u00edtost\u00ed oznamujeme, \u017ee dne 3.b\u0159ezna 2014 n\u00e1s, po z\u00e1ke\u0159n\u00e9 nemoci opustila na\u0161e fenka Aliska.<span>\u00a0<\/span><span>Po 3 m\u011bs\u00edc\u00edch boje s nemoc\u00ed ji\u017e nebylo \u017e\u00e1dn\u00e9 jin\u00e9 v\u00fdchodisko ne\u017e tr\u00e1pen\u00ed Alisky ukon\u010dit.<\/span><\/h4><p>Aliska byla fenka z na\u0161eho prvn\u00edho odchovu, o to v\u00edce mrz\u00ed jej\u00ed odchod. \u00a0Byla v\u00fdstavn\u011b nad\u011bjn\u00e1, o \u010dem\u017e vypov\u00eddaj\u00ed i jej\u00ed v\u00fdsledky v\u00fdstav uveden\u00e9 n\u00ed\u017ee v odkazu. Dal\u0161\u00ed info a foto najdete na na\u0161ich p\u016fvodn\u00edch webov\u00fdch str\u00e1nk\u00e1ch.\u00a0 \u00a0\u00a0<\/p><\/div>\n\t\t\t\t<\/div>\n\t\t\t\t<\/div>\n\t\t\t\t\t\t<\/div>\n\t\t\t<\/div>\n\t\t<\/div>\n\t\t\t\t\t\t<\/div>\n\t\t\t<\/div>\n\t\t<\/section>\n\t\t\t\t<section class=\"elementor-element elementor-element-43f4b34b elementor-section-content-middle elementor-reverse-mobile elementor-section-boxed elementor-section-height-default elementor-section-height-default elementor-section elementor-top-section\" data-id=\"43f4b34b\" data-element_type=\"section\" data-settings=\"{&quot;background_background&quot;:&quot;classic&quot;}\">\n\t\t\t\t\t\t<div class=\"elementor-container elementor-column-gap-default\">\n\t\t\t\t<div class=\"elementor-row\">\n\t\t\t\t<div class=\"elementor-element elementor-element-1ca95dc6 elementor-column elementor-col-50 elementor-top-column\" data-id=\"1ca95dc6\" data-element_type=\"column\">\n\t\t\t<div class=\"elementor-column-wrap  elementor-element-populated\">\n\t\t\t\t\t<div class=\"elementor-widget-wrap\">\n\t\t\t\t<div class=\"elementor-element elementor-element-26912d5 elementor-widget elementor-widget-heading\" data-id=\"26912d5\" data-element_type=\"widget\" data-widget_type=\"heading.default\">\n\t\t\t\t<div class=\"elementor-widget-container\">\n\t\t\t<h2 class=\"elementor-heading-title elementor-size-default\">N\u011bco o m\u011b<\/h2>\t\t<\/div>\n\t\t\t\t<\/div>\n\t\t\t\t<div class=\"elementor-element elementor-element-c2b0463 elementor-widget elementor-widget-divider\" data-id=\"c2b0463\" data-element_type=\"widget\" data-widget_type=\"divider.default\">\n\t\t\t\t<div class=\"elementor-widget-container\">\n\t\t\t\t\t<div class=\"elementor-divider\">\n\t\t\t<span class=\"elementor-divider-separator\">\n\t\t\t\t\t\t<\/span>\n\t\t<\/div>\n\t\t\t\t<\/div>\n\t\t\t\t<\/div>\n\t\t\t\t<div class=\"elementor-element elementor-element-7578ff8 -icon-position-left -tablet-icon-position-left -mobile-icon-position-left elementor-widget elementor-widget-eael-feature-list\" data-id=\"7578ff8\" data-element_type=\"widget\" data-widget_type=\"eael-feature-list.default\">\n\t\t\t\t<div class=\"elementor-widget-container\">\n\t\t\t\n        <ul id=\"eael-feature-list-7578ff8\" class=\"eael-feature-list-items circle stacked \">\n\t\t\t                <li class=\"eael-feature-list-item\">\n\t\t\t\t\t\n\n\t\t\t\t\t<div class=\"eael-feature-list-icon-box\">\n\t\t\t\t\t\t<div class=\"eael-feature-list-icon-inner\">\n\n\t\t\t\t\t\t\t<span class=\"eael-feature-list-icon\">\n\n\t\t\t\t\t\t\t\t<i class=\"fas fa-baby-carriage\" aria-hidden=\"true\"><\/i>\n\t\t\t\t\t\t\t\t\n\t\t\t\t\t\t\t<\/span>\n\t\t\t\t\t\t<\/div>\n\t\t\t\t\t<\/div>\n\t\t\t\t\t\n\n\n                    <div class=\"eael-feature-list-content-box\">\n                        <h3 class=\"eael-feature-list-title\"                        >Narozen\u00ed<\/h3                    >\n                    <p class=\"eael-feature-list-content\">Alise  se narodila v na\u0161\u00ed chovatelsk\u00e9 stanici Babylon Bohemia.<br>\n<b>- datum narozen\u00ed: <\/b> 8.7.2012<br>\n<b>- matka<\/b> Leticia Dogmania (HD 0\/0) <br>\n<b>- otec<\/b> Rodent\u00e1li Talpas (HD 0\/0,  Slovensko)<\/p>\n                    <\/div>\n\n                <\/li>\n\t\t\t                <li class=\"eael-feature-list-item\">\n\t\t\t\t\t\n\n\t\t\t\t\t<div class=\"eael-feature-list-icon-box\">\n\t\t\t\t\t\t<div class=\"eael-feature-list-icon-inner\">\n\n\t\t\t\t\t\t\t<span class=\"eael-feature-list-icon\">\n\n\t\t\t\t\t\t\t\t<i class=\"fas fa-info-circle\" aria-hidden=\"true\"><\/i>\n\t\t\t\t\t\t\t\t\n\t\t\t\t\t\t\t<\/span>\n\t\t\t\t\t\t<\/div>\n\t\t\t\t\t<\/div>\n\t\t\t\t\t\n\n\n                    <div class=\"eael-feature-list-content-box\">\n                        <h3 class=\"eael-feature-list-title\"                        >Info<\/h3                    >\n                    <p class=\"eael-feature-list-content\">Srst b\u00edl\u00e1 se znaky.<br>\nVelmi temperamentn\u00ed fenka, neposedn\u00e1, ale velmi pozorn\u00e1.<\/p>\n                    <\/div>\n\n                <\/li>\n\t\t\t        <\/ul>\n\t\t\t\t<\/div>\n\t\t\t\t<\/div>\n\t\t\t\t\t\t<\/div>\n\t\t\t<\/div>\n\t\t<\/div>\n\t\t\t\t<div class=\"elementor-element elementor-element-2d355230 elementor-column elementor-col-50 elementor-top-column\" data-id=\"2d355230\" data-element_type=\"column\">\n\t\t\t<div class=\"elementor-column-wrap  elementor-element-populated\">\n\t\t\t\t\t<div class=\"elementor-widget-wrap\">\n\t\t\t\t<div class=\"elementor-element elementor-element-6f0732b8 elementor-invisible elementor-widget elementor-widget-image\" data-id=\"6f0732b8\" data-element_type=\"widget\" data-settings=\"{&quot;_animation&quot;:&quot;rubberBand&quot;}\" data-widget_type=\"image.default\">\n\t\t\t\t<div class=\"elementor-widget-container\">\n\t\t\t\t\t<div class=\"elementor-image\">\n\t\t\t\t\t\t\t\t\t\t<img width=\"750\" height=\"561\" src=\"https:\/\/www.pyrenejskypes.cz\/domains\/pyrenejskypes.cz\/wp-content\/uploads\/2020\/05\/Alise-6-2013-1024x766.jpg\" class=\"attachment-large size-large\" alt=\"\" loading=\"lazy\" srcset=\"https:\/\/www.pyrenejskypes.cz\/domains\/pyrenejskypes.cz\/wp-content\/uploads\/2020\/05\/Alise-6-2013-1024x766.jpg 1024w, https:\/\/www.pyrenejskypes.cz\/domains\/pyrenejskypes.cz\/wp-content\/uploads\/2020\/05\/Alise-6-2013-300x224.jpg 300w, https:\/\/www.pyrenejskypes.cz\/domains\/pyrenejskypes.cz\/wp-content\/uploads\/2020\/05\/Alise-6-2013-768x575.jpg 768w, https:\/\/www.pyrenejskypes.cz\/domains\/pyrenejskypes.cz\/wp-content\/uploads\/2020\/05\/Alise-6-2013-1536x1149.jpg 1536w, https:\/\/www.pyrenejskypes.cz\/domains\/pyrenejskypes.cz\/wp-content\/uploads\/2020\/05\/Alise-6-2013-2048x1532.jpg 2048w\" sizes=\"(max-width: 750px) 100vw, 750px\" \/>\t\t\t\t\t\t\t\t\t\t\t<\/div>\n\t\t\t\t<\/div>\n\t\t\t\t<\/div>\n\t\t\t\t\t\t<\/div>\n\t\t\t<\/div>\n\t\t<\/div>\n\t\t\t\t\t\t<\/div>\n\t\t\t<\/div>\n\t\t<\/section>\n\t\t\t\t<section class=\"elementor-element elementor-element-ede3e07 elementor-section-boxed elementor-section-height-default elementor-section-height-default elementor-invisible elementor-section elementor-top-section\" data-id=\"ede3e07\" data-element_type=\"section\" data-settings=\"{&quot;animation&quot;:&quot;rotateInUpRight&quot;,&quot;shape_divider_top&quot;:&quot;arrow&quot;}\">\n\t\t\t\t\t\t\t<div class=\"elementor-background-overlay\"><\/div>\n\t\t\t\t\t\t<div class=\"elementor-shape elementor-shape-top\" data-negative=\"false\">\n\t\t\t<svg xmlns=\"http:\/\/www.w3.org\/2000\/svg\" viewBox=\"0 0 700 10\" preserveAspectRatio=\"none\">\n\t<path class=\"elementor-shape-fill\" d=\"M350,10L340,0h20L350,10z\"\/>\n<\/svg>\t\t<\/div>\n\t\t\t\t\t<div class=\"elementor-container elementor-column-gap-default\">\n\t\t\t\t<div class=\"elementor-row\">\n\t\t\t\t<div class=\"elementor-element elementor-element-9a17f43 elementor-column elementor-col-100 elementor-top-column\" data-id=\"9a17f43\" data-element_type=\"column\" data-settings=\"{&quot;background_background&quot;:&quot;classic&quot;}\">\n\t\t\t<div class=\"elementor-column-wrap  elementor-element-populated\">\n\t\t\t\t\t<div class=\"elementor-widget-wrap\">\n\t\t\t\t<div class=\"elementor-element elementor-element-bb901f9 elementor-widget elementor-widget-spacer\" data-id=\"bb901f9\" data-element_type=\"widget\" data-widget_type=\"spacer.default\">\n\t\t\t\t<div class=\"elementor-widget-container\">\n\t\t\t\t\t<div class=\"elementor-spacer\">\n\t\t\t<div class=\"elementor-spacer-inner\"><\/div>\n\t\t<\/div>\n\t\t\t\t<\/div>\n\t\t\t\t<\/div>\n\t\t\t\t\t\t<\/div>\n\t\t\t<\/div>\n\t\t<\/div>\n\t\t\t\t\t\t<\/div>\n\t\t\t<\/div>\n\t\t<\/section>\n\t\t\t\t<section class=\"elementor-element elementor-element-e3db2f1 elementor-section-boxed elementor-section-height-default elementor-section-height-default elementor-section elementor-top-section\" data-id=\"e3db2f1\" data-element_type=\"section\">\n\t\t\t\t\t\t<div class=\"elementor-container elementor-column-gap-default\">\n\t\t\t\t<div class=\"elementor-row\">\n\t\t\t\t<div class=\"elementor-element elementor-element-e17da6d elementor-column elementor-col-100 elementor-top-column\" data-id=\"e17da6d\" data-element_type=\"column\">\n\t\t\t<div class=\"elementor-column-wrap  elementor-element-populated\">\n\t\t\t\t\t<div class=\"elementor-widget-wrap\">\n\t\t\t\t<div class=\"elementor-element elementor-element-af1bc35 elementor-widget elementor-widget-heading\" data-id=\"af1bc35\" data-element_type=\"widget\" data-widget_type=\"heading.default\">\n\t\t\t\t<div class=\"elementor-widget-container\">\n\t\t\t<h2 class=\"elementor-heading-title elementor-size-default\">M\u00e9 v\u00fdsledky<\/h2>\t\t<\/div>\n\t\t\t\t<\/div>\n\t\t\t\t\t\t<\/div>\n\t\t\t<\/div>\n\t\t<\/div>\n\t\t\t\t\t\t<\/div>\n\t\t\t<\/div>\n\t\t<\/section>\n\t\t\t\t<section class=\"elementor-element elementor-element-c024ec6 elementor-section-boxed elementor-section-height-default elementor-section-height-default elementor-section elementor-top-section\" data-id=\"c024ec6\" data-element_type=\"section\">\n\t\t\t\t\t\t<div class=\"elementor-container elementor-column-gap-default\">\n\t\t\t\t<div class=\"elementor-row\">\n\t\t\t\t<div class=\"elementor-element elementor-element-3c5ed0d elementor-column elementor-col-100 elementor-top-column\" data-id=\"3c5ed0d\" data-element_type=\"column\">\n\t\t\t<div class=\"elementor-column-wrap  elementor-element-populated\">\n\t\t\t\t\t<div class=\"elementor-widget-wrap\">\n\t\t\t\t<div class=\"elementor-element elementor-element-beb12aa elementor-invisible elementor-widget elementor-widget-eael-creative-button\" data-id=\"beb12aa\" data-element_type=\"widget\" data-settings=\"{&quot;_animation&quot;:&quot;none&quot;}\" data-widget_type=\"eael-creative-button.default\">\n\t\t\t\t<div class=\"elementor-widget-container\">\n\t\t\t\t<div class=\"eael-creative-button-wrapper\">\n\t\t\n\t\t<a class=\"eael-creative-button eael-creative-button--default\" href=\"\/wp-content\/uploads\/2020\/05\/Alise-tab.-v\u00fdstavy-PDF.pdf\" data-text=\"Go!\">\n\t\t\t\n\t\t\t<div class=\"creative-button-inner\">\n\t\t\t\t\n\t\t\t\t\t\t\t\t\t\t\t\t\t\t\t\t\t\t\t\t\t\t\t\t\t\t\t\t\t\t\t\t\t\t\t\t\t\n\t\t\t\t<span class=\"cretive-button-text\">M\u00c9 V\u00ddSLEDKY - najdete na p\u016fvodn\u00edch webov\u00fdch str\u00e1nk\u00e1ch <\/span>\n\n\t\t\t\t\n\t\t\t<\/div>\n\t\t<\/a>\n\t<\/div>\n\t\t\t<\/div>\n\t\t\t\t<\/div>\n\t\t\t\t<div class=\"elementor-element elementor-element-192fd81 elementor-widget elementor-widget-spacer\" data-id=\"192fd81\" data-element_type=\"widget\" data-widget_type=\"spacer.default\">\n\t\t\t\t<div class=\"elementor-widget-container\">\n\t\t\t\t\t<div class=\"elementor-spacer\">\n\t\t\t<div class=\"elementor-spacer-inner\"><\/div>\n\t\t<\/div>\n\t\t\t\t<\/div>\n\t\t\t\t<\/div>\n\t\t\t\t\t\t<\/div>\n\t\t\t<\/div>\n\t\t<\/div>\n\t\t\t\t\t\t<\/div>\n\t\t\t<\/div>\n\t\t<\/section>\n\t\t\t\t<section class=\"elementor-element elementor-element-1cc67fc elementor-section-boxed elementor-section-height-default elementor-section-height-default elementor-section elementor-top-section\" data-id=\"1cc67fc\" data-element_type=\"section\">\n\t\t\t\t\t\t<div class=\"elementor-container elementor-column-gap-default\">\n\t\t\t\t<div class=\"elementor-row\">\n\t\t\t\t<div class=\"elementor-element elementor-element-e339a6a elementor-column elementor-col-100 elementor-top-column\" data-id=\"e339a6a\" data-element_type=\"column\">\n\t\t\t<div class=\"elementor-column-wrap  elementor-element-populated\">\n\t\t\t\t\t<div class=\"elementor-widget-wrap\">\n\t\t\t\t<div class=\"elementor-element elementor-element-6a90532 elementor-widget elementor-widget-spacer\" data-id=\"6a90532\" data-element_type=\"widget\" data-widget_type=\"spacer.default\">\n\t\t\t\t<div class=\"elementor-widget-container\">\n\t\t\t\t\t<div class=\"elementor-spacer\">\n\t\t\t<div class=\"elementor-spacer-inner\"><\/div>\n\t\t<\/div>\n\t\t\t\t<\/div>\n\t\t\t\t<\/div>\n\t\t\t\t\t\t<\/div>\n\t\t\t<\/div>\n\t\t<\/div>\n\t\t\t\t\t\t<\/div>\n\t\t\t<\/div>\n\t\t<\/section>\n\t\t\t\t\t\t<\/div>\n\t\t\t<\/div>\n\t\t<\/div>\n\t\t","protected":false},"excerpt":{"rendered":"<p>S\u00a0l\u00edtost\u00ed oznamujeme, \u017ee dne 3.b\u0159ezna 2014 n\u00e1s, po z\u00e1ke\u0159n\u00e9 nemoci opustila na\u0161e fenka Aliska.\u00a0Po 3 m\u011bs\u00edc\u00edch boje s nemoc\u00ed ji\u017e nebylo \u017e\u00e1dn\u00e9 jin\u00e9 v\u00fdchodisko ne\u017e tr\u00e1pen\u00ed Alisky ukon\u010dit. Aliska byla fenka z na\u0161eho prvn\u00edho odchovu, o to v\u00edce mrz\u00ed jej\u00ed odchod. \u00a0Byla v\u00fdstavn\u011b nad\u011bjn\u00e1, o \u010dem\u017e vypov\u00eddaj\u00ed i jej\u00ed v\u00fdsledky [&hellip;]<\/p>\n","protected":false},"author":1,"featured_media":8722,"parent":111,"menu_order":0,"comment_status":"closed","ping_status":"closed","template":"","meta":{"om_disable_all_campaigns":false,"_mi_skip_tracking":false},"aioseo_notices":[],"_links":{"self":[{"href":"https:\/\/www.pyrenejskypes.cz\/domains\/pyrenejskypes.cz\/wp-json\/wp\/v2\/pages\/8721"}],"collection":[{"href":"https:\/\/www.pyrenejskypes.cz\/domains\/pyrenejskypes.cz\/wp-json\/wp\/v2\/pages"}],"about":[{"href":"https:\/\/www.pyrenejskypes.cz\/domains\/pyrenejskypes.cz\/wp-json\/wp\/v2\/types\/page"}],"author":[{"embeddable":true,"href":"https:\/\/www.pyrenejskypes.cz\/domains\/pyrenejskypes.cz\/wp-json\/wp\/v2\/users\/1"}],"replies":[{"embeddable":true,"href":"https:\/\/www.pyrenejskypes.cz\/domains\/pyrenejskypes.cz\/wp-json\/wp\/v2\/comments?post=8721"}],"version-history":[{"count":9,"href":"https:\/\/www.pyrenejskypes.cz\/domains\/pyrenejskypes.cz\/wp-json\/wp\/v2\/pages\/8721\/revisions"}],"predecessor-version":[{"id":9195,"href":"https:\/\/www.pyrenejskypes.cz\/domains\/pyrenejskypes.cz\/wp-json\/wp\/v2\/pages\/8721\/revisions\/9195"}],"up":[{"embeddable":true,"href":"https:\/\/www.pyrenejskypes.cz\/domains\/pyrenejskypes.cz\/wp-json\/wp\/v2\/pages\/111"}],"wp:featuredmedia":[{"embeddable":true,"href":"https:\/\/www.pyrenejskypes.cz\/domains\/pyrenejskypes.cz\/wp-json\/wp\/v2\/media\/8722"}],"wp:attachment":[{"href":"https:\/\/www.pyrenejskypes.cz\/domains\/pyrenejskypes.cz\/wp-json\/wp\/v2\/media?parent=8721"}],"curies":[{"name":"wp","href":"https:\/\/api.w.org\/{rel}","templated":true}]}}